{"id":1855,"date":"2017-07-19T09:03:56","date_gmt":"2017-07-19T09:03:56","guid":{"rendered":"http:\/\/www.grandhoteltrento.com\/offerte\/"},"modified":"2026-03-12T11:50:37","modified_gmt":"2026-03-12T10:50:37","slug":"angebote","status":"publish","type":"page","link":"https:\/\/www.grandhoteltrento.com\/de\/angebote\/","title":{"rendered":"Angebote"},"content":{"rendered":"<div class=\"wpb-content-wrapper\">[vc_row full_width=&#8220;stretch_row&#8220; css=&#8220;.vc_custom_1553868428832{margin-top: 60px !important;margin-bottom: 20px !important;}&#8220;][vc_column]<div style=\"background-color:;height: 20px\" class=\"nicdark_section  \"><\/div>[vc_column_text css=&#8220;&#8220;]\n<h2>In diesem Bereich findest du Angebote und Promotionen f\u00fcr deinen Aufenthalt im Grand Hotel Trento.<\/h2>\n<p>&nbsp;<\/p>\n<h2>Entdecke die besten verf\u00fcgbaren Raten und lass dich von unseren Vorschl\u00e4gen inspirieren, die dein Erlebnis in der Stadt noch angenehmer machen.<\/h2>\n[\/vc_column_text]<div style=\"background-color:;height: 10px\" class=\"nicdark_section  \"><\/div>[\/vc_column][\/vc_row][vc_row css=&#8220;.vc_custom_1553868320204{margin-bottom: 60px !important;}&#8220;][vc_column]\n\t<div class=\"nd_options_section nd_options_text_align_center\">\n\t<a style=\"border: 2px solid #c19b76;border-radius:px;letter-spacing:2px;line-height:11px;font-size:11px;background-color:;padding:15px 35px;margin:;color:#c19b76\" rel=\"\" href=\"https:\/\/reservations.verticalbooking.com\/premium\/index_pacchetti_2.html?id_albergo=20535&amp;dc=5438&amp;lingua_int=eng&amp;id_stile=15402&amp;id_prodotto_sel=2\" class=\"nicdark_display_inline_block  nd_options_font_weight_bold nd_options_second_font  \">Beste verf\u00fcgbare Raten entdecken<\/a>\n\t<\/div>\n[\/vc_column][\/vc_row][vc_row css=&#8220;.vc_custom_1553868320204{margin-bottom: 60px !important;}&#8220;][vc_column][vc_separator][\/vc_column][\/vc_row]\n<\/div>","protected":false},"excerpt":{"rendered":"<p>[vc_row full_width=&#8220;stretch_row&#8220; css=&#8220;.vc_custom_1553868428832{margin-top: 60px !important;margin-bottom: 20px !important;}&#8220;][vc_column][vc_column_text css=&#8220;&#8220;] In diesem Bereich findest du Angebote und Promotionen f\u00fcr deinen Aufenthalt im Grand Hotel Trento. &nbsp; Entdecke die besten verf\u00fcgbaren Raten und lass dich von unseren Vorschl\u00e4gen inspirieren, die dein Erlebnis in der Stadt noch angenehmer machen. [\/vc_column_text][\/vc_column][\/vc_row][vc_row css=&#8220;.vc_custom_1553868320204{margin-bottom: 60px !important;}&#8220;][vc_column][\/vc_column][\/vc_row][vc_row css=&#8220;.vc_custom_1553868320204{margin-bottom: 60px !important;}&#8220;][vc_column][vc_separator][\/vc_column][\/vc_row]<\/p>\n","protected":false},"author":1,"featured_media":0,"parent":0,"menu_order":0,"comment_status":"closed","ping_status":"closed","template":"","meta":{"footnotes":""},"class_list":["post-1855","page","type-page","status-publish","hentry"],"yoast_head":"<!-- This site is optimized with the Yoast SEO plugin v27.4 - https:\/\/yoast.com\/product\/yoast-seo-wordpress\/ -->\n<title>Angebote - Grand Hotel Trento<\/title>\n<meta name=\"description\" content=\"In diesem Bereich findest du Angebote und Promotionen f\u00fcr deinen Aufenthalt im Grand Hotel Trento.\" \/>\n<meta name=\"robots\" content=\"index, follow, max-snippet:-1, max-image-preview:large, max-video-preview:-1\" \/>\n<link rel=\"canonical\" href=\"https:\/\/www.grandhoteltrento.com\/de\/angebote\/\" \/>\n<meta property=\"og:locale\" content=\"de_DE\" \/>\n<meta property=\"og:type\" content=\"article\" \/>\n<meta property=\"og:title\" content=\"Angebote - Grand Hotel Trento\" \/>\n<meta property=\"og:description\" content=\"In diesem Bereich findest du Angebote und Promotionen f\u00fcr deinen Aufenthalt im Grand Hotel Trento.\" \/>\n<meta property=\"og:url\" content=\"https:\/\/www.grandhoteltrento.com\/de\/angebote\/\" \/>\n<meta property=\"og:site_name\" content=\"Grand Hotel Trento\" \/>\n<meta property=\"article:modified_time\" content=\"2026-03-12T10:50:37+00:00\" \/>\n<meta name=\"twitter:card\" content=\"summary_large_image\" \/>\n<meta name=\"twitter:label1\" content=\"Gesch\u00e4tzte Lesezeit\" \/>\n\t<meta name=\"twitter:data1\" content=\"1\u00a0Minute\" \/>\n<script type=\"application\/ld+json\" class=\"yoast-schema-graph\">{\"@context\":\"https:\\\/\\\/schema.org\",\"@graph\":[{\"@type\":\"WebPage\",\"@id\":\"https:\\\/\\\/www.grandhoteltrento.com\\\/de\\\/angebote\\\/\",\"url\":\"https:\\\/\\\/www.grandhoteltrento.com\\\/de\\\/angebote\\\/\",\"name\":\"Angebote - Grand Hotel Trento\",\"isPartOf\":{\"@id\":\"https:\\\/\\\/www.grandhoteltrento.com\\\/#website\"},\"datePublished\":\"2017-07-19T09:03:56+00:00\",\"dateModified\":\"2026-03-12T10:50:37+00:00\",\"description\":\"In diesem Bereich findest du Angebote und Promotionen f\u00fcr deinen Aufenthalt im Grand Hotel Trento.\",\"breadcrumb\":{\"@id\":\"https:\\\/\\\/www.grandhoteltrento.com\\\/de\\\/angebote\\\/#breadcrumb\"},\"inLanguage\":\"de\",\"potentialAction\":[{\"@type\":\"ReadAction\",\"target\":[\"https:\\\/\\\/www.grandhoteltrento.com\\\/de\\\/angebote\\\/\"]}]},{\"@type\":\"BreadcrumbList\",\"@id\":\"https:\\\/\\\/www.grandhoteltrento.com\\\/de\\\/angebote\\\/#breadcrumb\",\"itemListElement\":[{\"@type\":\"ListItem\",\"position\":1,\"name\":\"Home\",\"item\":\"https:\\\/\\\/www.grandhoteltrento.com\\\/de\\\/\"},{\"@type\":\"ListItem\",\"position\":2,\"name\":\"Angebote\"}]},{\"@type\":\"WebSite\",\"@id\":\"https:\\\/\\\/www.grandhoteltrento.com\\\/#website\",\"url\":\"https:\\\/\\\/www.grandhoteltrento.com\\\/\",\"name\":\"Grand Hotel Trento\",\"description\":\"Hotel a 4 stelle nel centro storico di Trento\",\"potentialAction\":[{\"@type\":\"SearchAction\",\"target\":{\"@type\":\"EntryPoint\",\"urlTemplate\":\"https:\\\/\\\/www.grandhoteltrento.com\\\/?s={search_term_string}\"},\"query-input\":{\"@type\":\"PropertyValueSpecification\",\"valueRequired\":true,\"valueName\":\"search_term_string\"}}],\"inLanguage\":\"de\"}]}<\/script>\n<!-- \/ Yoast SEO plugin. -->","yoast_head_json":{"title":"Angebote - Grand Hotel Trento","description":"In diesem Bereich findest du Angebote und Promotionen f\u00fcr deinen Aufenthalt im Grand Hotel Trento.","robots":{"index":"index","follow":"follow","max-snippet":"max-snippet:-1","max-image-preview":"max-image-preview:large","max-video-preview":"max-video-preview:-1"},"canonical":"https:\/\/www.grandhoteltrento.com\/de\/angebote\/","og_locale":"de_DE","og_type":"article","og_title":"Angebote - Grand Hotel Trento","og_description":"In diesem Bereich findest du Angebote und Promotionen f\u00fcr deinen Aufenthalt im Grand Hotel Trento.","og_url":"https:\/\/www.grandhoteltrento.com\/de\/angebote\/","og_site_name":"Grand Hotel Trento","article_modified_time":"2026-03-12T10:50:37+00:00","twitter_card":"summary_large_image","twitter_misc":{"Gesch\u00e4tzte Lesezeit":"1\u00a0Minute"},"schema":{"@context":"https:\/\/schema.org","@graph":[{"@type":"WebPage","@id":"https:\/\/www.grandhoteltrento.com\/de\/angebote\/","url":"https:\/\/www.grandhoteltrento.com\/de\/angebote\/","name":"Angebote - Grand Hotel Trento","isPartOf":{"@id":"https:\/\/www.grandhoteltrento.com\/#website"},"datePublished":"2017-07-19T09:03:56+00:00","dateModified":"2026-03-12T10:50:37+00:00","description":"In diesem Bereich findest du Angebote und Promotionen f\u00fcr deinen Aufenthalt im Grand Hotel Trento.","breadcrumb":{"@id":"https:\/\/www.grandhoteltrento.com\/de\/angebote\/#breadcrumb"},"inLanguage":"de","potentialAction":[{"@type":"ReadAction","target":["https:\/\/www.grandhoteltrento.com\/de\/angebote\/"]}]},{"@type":"BreadcrumbList","@id":"https:\/\/www.grandhoteltrento.com\/de\/angebote\/#breadcrumb","itemListElement":[{"@type":"ListItem","position":1,"name":"Home","item":"https:\/\/www.grandhoteltrento.com\/de\/"},{"@type":"ListItem","position":2,"name":"Angebote"}]},{"@type":"WebSite","@id":"https:\/\/www.grandhoteltrento.com\/#website","url":"https:\/\/www.grandhoteltrento.com\/","name":"Grand Hotel Trento","description":"Hotel a 4 stelle nel centro storico di Trento","potentialAction":[{"@type":"SearchAction","target":{"@type":"EntryPoint","urlTemplate":"https:\/\/www.grandhoteltrento.com\/?s={search_term_string}"},"query-input":{"@type":"PropertyValueSpecification","valueRequired":true,"valueName":"search_term_string"}}],"inLanguage":"de"}]}},"_links":{"self":[{"href":"https:\/\/www.grandhoteltrento.com\/de\/wp-json\/wp\/v2\/pages\/1855","targetHints":{"allow":["GET"]}}],"collection":[{"href":"https:\/\/www.grandhoteltrento.com\/de\/wp-json\/wp\/v2\/pages"}],"about":[{"href":"https:\/\/www.grandhoteltrento.com\/de\/wp-json\/wp\/v2\/types\/page"}],"author":[{"embeddable":true,"href":"https:\/\/www.grandhoteltrento.com\/de\/wp-json\/wp\/v2\/users\/1"}],"replies":[{"embeddable":true,"href":"https:\/\/www.grandhoteltrento.com\/de\/wp-json\/wp\/v2\/comments?post=1855"}],"version-history":[{"count":10,"href":"https:\/\/www.grandhoteltrento.com\/de\/wp-json\/wp\/v2\/pages\/1855\/revisions"}],"predecessor-version":[{"id":5565,"href":"https:\/\/www.grandhoteltrento.com\/de\/wp-json\/wp\/v2\/pages\/1855\/revisions\/5565"}],"wp:attachment":[{"href":"https:\/\/www.grandhoteltrento.com\/de\/wp-json\/wp\/v2\/media?parent=1855"}],"curies":[{"name":"wp","href":"https:\/\/api.w.org\/{rel}","templated":true}]}}