{"id":3053,"date":"2019-04-25T15:12:54","date_gmt":"2019-04-25T13:12:54","guid":{"rendered":"http:\/\/www.grandhoteltrento.com\/bar-il-caminetto\/"},"modified":"2025-01-28T11:30:29","modified_gmt":"2025-01-28T10:30:29","slug":"bar-il-caminetto","status":"publish","type":"page","link":"https:\/\/www.grandhoteltrento.com\/de\/bar-il-caminetto\/","title":{"rendered":"Bar"},"content":{"rendered":"<div class=\"wpb-content-wrapper\">[vc_row full_width=&#8220;stretch_row&#8220; css=&#8220;.vc_custom_1504182210876{margin-top: 50px !important;padding-bottom: 0px !important;}&#8220;][vc_column] <p style=\"color:#878787;padding:px;text-align:center;font-size:12px;line-height:12px;letter-spacing: 2px;font-weight:lighter\" class=\"   nd_options_second_font \">GRAND HOTEL TRENTO<\/p> <div style=\"background-color:;height: 10px\" class=\"nicdark_section  \"><\/div>\n    <div class=\"nd_options_section nd_options_line_height_0  nd_options_text_align_center \">\n        <span style=\"height:1px;width:30px;background-color:#878787\" class=\"nd_options_display_inline_block\"><\/span>\n    <\/div>\n   <div style=\"background-color:;height: 30px\" class=\"nicdark_section  \"><\/div> <h2 style=\"color:#1c1c1c;padding:px;text-align:center;font-size:45px;line-height:px;letter-spacing: px;font-weight:normal\" class=\"  nd_options_font_size_40_important_all_iphone nd_options_line_height_40_important_all_iphone nd_options_first_font \">Die Bar des Grand Hotel Trento<\/h2> <div style=\"background-color:;height: 35px\" class=\"nicdark_section  \"><\/div>[vc_column_text]\n<p style=\"text-align: left; font-size: 16px;\">Ein\u00a0<strong>Aperitif<\/strong>, der von einem Lichtkegel durch die gro\u00dfe, dekorierte Glaskuppel angestrahlt wird, ein\u00a0<strong>Kaffee<\/strong>\u00a0in der gem\u00fctlichen Lounge im\u00a0<em>Fin-de-Si\u00e8cle-Stil<\/em>, der das Lesen einer Zeitung oder eines guten Buches begleitt, ein\u00a0<strong>Cocktail<\/strong>\u00a0auf den bequem gepolsterten Hockern der halbrunden Bar oder eine hei\u00dfe\u00a0<strong>Schokolade<\/strong> auf den weichen Sesseln im Gespr\u00e4ch mit Freunden.<\/p>\n[\/vc_column_text][vc_column_text]\n<p style=\"text-align: left; font-size: 16px;\">Die Kamin-Bar hei\u00dft sowohl Hotelg\u00e4ste als auch alle anderen willkommen, die einen zeitlosen Ort suchen, an dem Eleganz schn\u00f6rkellos ist, Eile nicht existiert und die Zeit stehen geblieben zu sein scheint.<\/p>\n<p>&nbsp;<\/p>\n<p style=\"text-align: left; font-size: 16px;\">Die Bar des Grand Hotel Trento vereint Komfort und Eleganz und ist mit feiner Einrichtung ausgestattet. Durchdrungen von einer entspannten Atmosph\u00e4re ist sie der perfekte Treffpunkt f\u00fcr G\u00e4ste, die Trient besuchen. Eine Oase der Ruhe im Herzen der Stadt, die alle Augenblicke des Tages begleitet. Das ganze Jahr \u00fcber finden in unserer Bar wechselnde Ausstellungen von \u00f6rtlichen, italienischen und internationalen K\u00fcnstlern statt.<\/p>\n[\/vc_column_text]<div style=\"background-color:;height: 20px\" class=\"nicdark_section  \"><\/div> <p style=\"color:#1c1c1c;padding:px;text-align:center;font-size:16px;line-height:px;letter-spacing: px;font-weight:lighter\" class=\"   nd_options_second_font \">T\u00e4glich von 9:00 bis 24:00 Uhr ge\u00f6ffnet f\u00fcr Fr\u00fchst\u00fcck, Aperitif, Nachmittagstee oder After-Theatre-Tea.<\/p> <div style=\"background-color:;height: 35px\" class=\"nicdark_section  \"><\/div>[\/vc_column][\/vc_row][vc_row][vc_column width=&#8220;1\/4&#8243;]<div style=\"background-color:;height: 15px\" class=\"nicdark_section  \"><\/div>\n    <div style=\"text-align:center\" class=\"nd_options_section\">\n      <img decoding=\"async\" alt=\"\" style=\"width:100%\" class=\" nd_options_margin_0 nd_options_padding_0 \" src=\"https:\/\/www.grandhoteltrento.com\/wp-content\/uploads\/2019\/05\/bar_ilcaminetto_grand_hotel_trento_9-1024x682.jpg\">\n    <\/div>\n   <div style=\"background-color:;height: 15px\" class=\"nicdark_section  \"><\/div>\n    <div style=\"text-align:center\" class=\"nd_options_section\">\n      <img decoding=\"async\" alt=\"\" style=\"width:100%\" class=\" nd_options_margin_0 nd_options_padding_0 \" src=\"https:\/\/www.grandhoteltrento.com\/wp-content\/uploads\/2019\/05\/bar_ilcaminetto_grand_hotel_trento_6-1024x682.jpg\">\n    <\/div>\n   <div style=\"background-color:;height: 15px\" class=\"nicdark_section  \"><\/div>[\/vc_column][vc_column width=&#8220;1\/2&#8243;]<div style=\"background-color:;height: 15px\" class=\"nicdark_section  \"><\/div>\n    <div style=\"text-align:center\" class=\"nd_options_section\">\n      <img decoding=\"async\" alt=\"\" style=\"width:100%\" class=\" nd_options_margin_0 nd_options_padding_0 \" src=\"https:\/\/www.grandhoteltrento.com\/wp-content\/uploads\/2019\/05\/bar_ilcaminetto_grand_hotel_trento_4-1024x682.jpg\">\n    <\/div>\n   <div style=\"background-color:;height: 15px\" class=\"nicdark_section  \"><\/div>[\/vc_column][vc_column width=&#8220;1\/4&#8243;]<div style=\"background-color:;height: 15px\" class=\"nicdark_section  \"><\/div>\n    <div style=\"text-align:center\" class=\"nd_options_section\">\n      <img decoding=\"async\" alt=\"\" style=\"width:100%\" class=\" nd_options_margin_0 nd_options_padding_0 \" src=\"https:\/\/www.grandhoteltrento.com\/wp-content\/uploads\/2019\/05\/bar_ilcaminetto_grand_hotel_trento_8-1024x682.jpg\">\n    <\/div>\n   <div style=\"background-color:;height: 15px\" class=\"nicdark_section  \"><\/div>\n    <div style=\"text-align:center\" class=\"nd_options_section\">\n      <img decoding=\"async\" alt=\"\" style=\"width:100%\" class=\" nd_options_margin_0 nd_options_padding_0 \" src=\"https:\/\/www.grandhoteltrento.com\/wp-content\/uploads\/2019\/05\/bar_ilcaminetto_grand_hotel_trento_7-1024x682.jpg\">\n    <\/div>\n   <div style=\"background-color:;height: 15px\" class=\"nicdark_section  \"><\/div>[\/vc_column][\/vc_row]\n<\/div>","protected":false},"excerpt":{"rendered":"<p>[vc_row full_width=&#8220;stretch_row&#8220; css=&#8220;.vc_custom_1504182210876{margin-top: 50px !important;padding-bottom: 0px !important;}&#8220;][vc_column][vc_column_text] Ein\u00a0Aperitif, der von einem Lichtkegel durch die gro\u00dfe, dekorierte Glaskuppel angestrahlt wird, ein\u00a0Kaffee\u00a0in der gem\u00fctlichen Lounge im\u00a0Fin-de-Si\u00e8cle-Stil, der das Lesen einer Zeitung oder eines guten Buches begleitt, ein\u00a0Cocktail\u00a0auf den bequem gepolsterten Hockern der halbrunden Bar oder eine hei\u00dfe\u00a0Schokolade auf den weichen Sesseln im Gespr\u00e4ch mit Freunden. [\/vc_column_text][vc_column_text] Die [&hellip;]<\/p>\n","protected":false},"author":1,"featured_media":2579,"parent":0,"menu_order":0,"comment_status":"closed","ping_status":"closed","template":"","meta":{"footnotes":""},"class_list":["post-3053","page","type-page","status-publish","has-post-thumbnail","hentry"],"yoast_head":"<!-- This site is optimized with the Yoast SEO plugin v27.4 - https:\/\/yoast.com\/product\/yoast-seo-wordpress\/ -->\n<title>Bar Il Caminetto: Die Bar des Grand Hotel Trento<\/title>\n<meta name=\"description\" content=\"T\u00e4glich von 9:00 bis 24:00 Uhr ge\u00f6ffnet f\u00fcr Fr\u00fchst\u00fcck, Aperitif, Nachmittagstee oder After-Theatre-Tea.\" \/>\n<meta name=\"robots\" content=\"index, follow, max-snippet:-1, max-image-preview:large, max-video-preview:-1\" \/>\n<link rel=\"canonical\" href=\"https:\/\/www.grandhoteltrento.com\/de\/bar-il-caminetto\/\" \/>\n<meta property=\"og:locale\" content=\"de_DE\" \/>\n<meta property=\"og:type\" content=\"article\" \/>\n<meta property=\"og:title\" content=\"Bar Il Caminetto: Die Bar des Grand Hotel Trento\" \/>\n<meta property=\"og:description\" content=\"T\u00e4glich von 9:00 bis 24:00 Uhr ge\u00f6ffnet f\u00fcr Fr\u00fchst\u00fcck, Aperitif, Nachmittagstee oder After-Theatre-Tea.\" \/>\n<meta property=\"og:url\" content=\"https:\/\/www.grandhoteltrento.com\/de\/bar-il-caminetto\/\" \/>\n<meta property=\"og:site_name\" content=\"Grand Hotel Trento\" \/>\n<meta property=\"article:modified_time\" content=\"2025-01-28T10:30:29+00:00\" \/>\n<meta property=\"og:image\" content=\"https:\/\/www.grandhoteltrento.com\/wp-content\/uploads\/2019\/05\/bar_ilcaminetto_grand_hotel_trento_4.jpg\" \/>\n\t<meta property=\"og:image:width\" content=\"1600\" \/>\n\t<meta property=\"og:image:height\" content=\"1066\" \/>\n\t<meta property=\"og:image:type\" content=\"image\/jpeg\" \/>\n<meta name=\"twitter:card\" content=\"summary_large_image\" \/>\n<meta name=\"twitter:label1\" content=\"Gesch\u00e4tzte Lesezeit\" \/>\n\t<meta name=\"twitter:data1\" content=\"2\u00a0Minuten\" \/>\n<script type=\"application\/ld+json\" class=\"yoast-schema-graph\">{\"@context\":\"https:\\\/\\\/schema.org\",\"@graph\":[{\"@type\":\"WebPage\",\"@id\":\"https:\\\/\\\/www.grandhoteltrento.com\\\/de\\\/bar-il-caminetto\\\/\",\"url\":\"https:\\\/\\\/www.grandhoteltrento.com\\\/de\\\/bar-il-caminetto\\\/\",\"name\":\"Bar Il Caminetto: Die Bar des Grand Hotel Trento\",\"isPartOf\":{\"@id\":\"https:\\\/\\\/www.grandhoteltrento.com\\\/#website\"},\"primaryImageOfPage\":{\"@id\":\"https:\\\/\\\/www.grandhoteltrento.com\\\/de\\\/bar-il-caminetto\\\/#primaryimage\"},\"image\":{\"@id\":\"https:\\\/\\\/www.grandhoteltrento.com\\\/de\\\/bar-il-caminetto\\\/#primaryimage\"},\"thumbnailUrl\":\"https:\\\/\\\/www.grandhoteltrento.com\\\/wp-content\\\/uploads\\\/2019\\\/05\\\/bar_ilcaminetto_grand_hotel_trento_4.jpg\",\"datePublished\":\"2019-04-25T13:12:54+00:00\",\"dateModified\":\"2025-01-28T10:30:29+00:00\",\"description\":\"T\u00e4glich von 9:00 bis 24:00 Uhr ge\u00f6ffnet f\u00fcr Fr\u00fchst\u00fcck, Aperitif, Nachmittagstee oder After-Theatre-Tea.\",\"breadcrumb\":{\"@id\":\"https:\\\/\\\/www.grandhoteltrento.com\\\/de\\\/bar-il-caminetto\\\/#breadcrumb\"},\"inLanguage\":\"de\",\"potentialAction\":[{\"@type\":\"ReadAction\",\"target\":[\"https:\\\/\\\/www.grandhoteltrento.com\\\/de\\\/bar-il-caminetto\\\/\"]}]},{\"@type\":\"ImageObject\",\"inLanguage\":\"de\",\"@id\":\"https:\\\/\\\/www.grandhoteltrento.com\\\/de\\\/bar-il-caminetto\\\/#primaryimage\",\"url\":\"https:\\\/\\\/www.grandhoteltrento.com\\\/wp-content\\\/uploads\\\/2019\\\/05\\\/bar_ilcaminetto_grand_hotel_trento_4.jpg\",\"contentUrl\":\"https:\\\/\\\/www.grandhoteltrento.com\\\/wp-content\\\/uploads\\\/2019\\\/05\\\/bar_ilcaminetto_grand_hotel_trento_4.jpg\",\"width\":1600,\"height\":1066,\"caption\":\"bar_ilcaminetto_grand_hotel_trento_4\"},{\"@type\":\"BreadcrumbList\",\"@id\":\"https:\\\/\\\/www.grandhoteltrento.com\\\/de\\\/bar-il-caminetto\\\/#breadcrumb\",\"itemListElement\":[{\"@type\":\"ListItem\",\"position\":1,\"name\":\"Home\",\"item\":\"https:\\\/\\\/www.grandhoteltrento.com\\\/de\\\/\"},{\"@type\":\"ListItem\",\"position\":2,\"name\":\"Bar\"}]},{\"@type\":\"WebSite\",\"@id\":\"https:\\\/\\\/www.grandhoteltrento.com\\\/#website\",\"url\":\"https:\\\/\\\/www.grandhoteltrento.com\\\/\",\"name\":\"Grand Hotel Trento\",\"description\":\"Hotel a 4 stelle nel centro storico di Trento\",\"potentialAction\":[{\"@type\":\"SearchAction\",\"target\":{\"@type\":\"EntryPoint\",\"urlTemplate\":\"https:\\\/\\\/www.grandhoteltrento.com\\\/?s={search_term_string}\"},\"query-input\":{\"@type\":\"PropertyValueSpecification\",\"valueRequired\":true,\"valueName\":\"search_term_string\"}}],\"inLanguage\":\"de\"}]}<\/script>\n<!-- \/ Yoast SEO plugin. -->","yoast_head_json":{"title":"Bar Il Caminetto: Die Bar des Grand Hotel Trento","description":"T\u00e4glich von 9:00 bis 24:00 Uhr ge\u00f6ffnet f\u00fcr Fr\u00fchst\u00fcck, Aperitif, Nachmittagstee oder After-Theatre-Tea.","robots":{"index":"index","follow":"follow","max-snippet":"max-snippet:-1","max-image-preview":"max-image-preview:large","max-video-preview":"max-video-preview:-1"},"canonical":"https:\/\/www.grandhoteltrento.com\/de\/bar-il-caminetto\/","og_locale":"de_DE","og_type":"article","og_title":"Bar Il Caminetto: Die Bar des Grand Hotel Trento","og_description":"T\u00e4glich von 9:00 bis 24:00 Uhr ge\u00f6ffnet f\u00fcr Fr\u00fchst\u00fcck, Aperitif, Nachmittagstee oder After-Theatre-Tea.","og_url":"https:\/\/www.grandhoteltrento.com\/de\/bar-il-caminetto\/","og_site_name":"Grand Hotel Trento","article_modified_time":"2025-01-28T10:30:29+00:00","og_image":[{"width":1600,"height":1066,"url":"https:\/\/www.grandhoteltrento.com\/wp-content\/uploads\/2019\/05\/bar_ilcaminetto_grand_hotel_trento_4.jpg","type":"image\/jpeg"}],"twitter_card":"summary_large_image","twitter_misc":{"Gesch\u00e4tzte Lesezeit":"2\u00a0Minuten"},"schema":{"@context":"https:\/\/schema.org","@graph":[{"@type":"WebPage","@id":"https:\/\/www.grandhoteltrento.com\/de\/bar-il-caminetto\/","url":"https:\/\/www.grandhoteltrento.com\/de\/bar-il-caminetto\/","name":"Bar Il Caminetto: Die Bar des Grand Hotel Trento","isPartOf":{"@id":"https:\/\/www.grandhoteltrento.com\/#website"},"primaryImageOfPage":{"@id":"https:\/\/www.grandhoteltrento.com\/de\/bar-il-caminetto\/#primaryimage"},"image":{"@id":"https:\/\/www.grandhoteltrento.com\/de\/bar-il-caminetto\/#primaryimage"},"thumbnailUrl":"https:\/\/www.grandhoteltrento.com\/wp-content\/uploads\/2019\/05\/bar_ilcaminetto_grand_hotel_trento_4.jpg","datePublished":"2019-04-25T13:12:54+00:00","dateModified":"2025-01-28T10:30:29+00:00","description":"T\u00e4glich von 9:00 bis 24:00 Uhr ge\u00f6ffnet f\u00fcr Fr\u00fchst\u00fcck, Aperitif, Nachmittagstee oder After-Theatre-Tea.","breadcrumb":{"@id":"https:\/\/www.grandhoteltrento.com\/de\/bar-il-caminetto\/#breadcrumb"},"inLanguage":"de","potentialAction":[{"@type":"ReadAction","target":["https:\/\/www.grandhoteltrento.com\/de\/bar-il-caminetto\/"]}]},{"@type":"ImageObject","inLanguage":"de","@id":"https:\/\/www.grandhoteltrento.com\/de\/bar-il-caminetto\/#primaryimage","url":"https:\/\/www.grandhoteltrento.com\/wp-content\/uploads\/2019\/05\/bar_ilcaminetto_grand_hotel_trento_4.jpg","contentUrl":"https:\/\/www.grandhoteltrento.com\/wp-content\/uploads\/2019\/05\/bar_ilcaminetto_grand_hotel_trento_4.jpg","width":1600,"height":1066,"caption":"bar_ilcaminetto_grand_hotel_trento_4"},{"@type":"BreadcrumbList","@id":"https:\/\/www.grandhoteltrento.com\/de\/bar-il-caminetto\/#breadcrumb","itemListElement":[{"@type":"ListItem","position":1,"name":"Home","item":"https:\/\/www.grandhoteltrento.com\/de\/"},{"@type":"ListItem","position":2,"name":"Bar"}]},{"@type":"WebSite","@id":"https:\/\/www.grandhoteltrento.com\/#website","url":"https:\/\/www.grandhoteltrento.com\/","name":"Grand Hotel Trento","description":"Hotel a 4 stelle nel centro storico di Trento","potentialAction":[{"@type":"SearchAction","target":{"@type":"EntryPoint","urlTemplate":"https:\/\/www.grandhoteltrento.com\/?s={search_term_string}"},"query-input":{"@type":"PropertyValueSpecification","valueRequired":true,"valueName":"search_term_string"}}],"inLanguage":"de"}]}},"_links":{"self":[{"href":"https:\/\/www.grandhoteltrento.com\/de\/wp-json\/wp\/v2\/pages\/3053","targetHints":{"allow":["GET"]}}],"collection":[{"href":"https:\/\/www.grandhoteltrento.com\/de\/wp-json\/wp\/v2\/pages"}],"about":[{"href":"https:\/\/www.grandhoteltrento.com\/de\/wp-json\/wp\/v2\/types\/page"}],"author":[{"embeddable":true,"href":"https:\/\/www.grandhoteltrento.com\/de\/wp-json\/wp\/v2\/users\/1"}],"replies":[{"embeddable":true,"href":"https:\/\/www.grandhoteltrento.com\/de\/wp-json\/wp\/v2\/comments?post=3053"}],"version-history":[{"count":3,"href":"https:\/\/www.grandhoteltrento.com\/de\/wp-json\/wp\/v2\/pages\/3053\/revisions"}],"predecessor-version":[{"id":5148,"href":"https:\/\/www.grandhoteltrento.com\/de\/wp-json\/wp\/v2\/pages\/3053\/revisions\/5148"}],"wp:featuredmedia":[{"embeddable":true,"href":"https:\/\/www.grandhoteltrento.com\/de\/wp-json\/wp\/v2\/media\/2579"}],"wp:attachment":[{"href":"https:\/\/www.grandhoteltrento.com\/de\/wp-json\/wp\/v2\/media?parent=3053"}],"curies":[{"name":"wp","href":"https:\/\/api.w.org\/{rel}","templated":true}]}}