{"id":3165,"date":"2019-03-31T21:16:45","date_gmt":"2019-03-31T19:16:45","guid":{"rendered":"http:\/\/www.grandhoteltrento.com\/centro-benessere\/"},"modified":"2025-01-28T11:33:18","modified_gmt":"2025-01-28T10:33:18","slug":"wellnesszentrum","status":"publish","type":"page","link":"https:\/\/www.grandhoteltrento.com\/de\/wellnesszentrum\/","title":{"rendered":"Fitness"},"content":{"rendered":"<div class=\"wpb-content-wrapper\">[vc_row full_width=&#8220;stretch_row_content&#8220; css=&#8220;.vc_custom_1558338022545{margin-right: 20px !important;margin-left: 20px !important;}&#8220;][vc_column]<div style=\"background-color:;height: 30px\" class=\"nicdark_section  \"><\/div> <p style=\"color:#878787;padding:px;text-align:center;font-size:14px;line-height:27px;letter-spacing: 2px;font-weight:lighter\" class=\"   nd_options_second_font \">FITNESSRAUM<\/p> <div style=\"background-color:;height: 30px\" class=\"nicdark_section  \"><\/div> <h2 style=\"color:#000000;padding:px;text-align:center;font-size:45px;line-height:55px;letter-spacing: px;font-weight:normal\" class=\"  nd_options_font_size_40_important_all_iphone nd_options_line_height_40_important_all_iphone nd_options_first_font \">Auch auf Reisen immer in Form<\/h2> <div style=\"background-color:;height: 30px\" class=\"nicdark_section  \"><\/div>[vc_column_text]\n<p style=\"text-align: center; font-size: 16px;\">Unser Hotel bietet kostenlos ein kleines, gut ausgestattetes\u00a0<strong>Fitnessstudio<\/strong>\u00a0f\u00fcr alle Arten von Training.<\/p>\n<p style=\"text-align: center; font-size: 16px;\">Ein<strong>\u00a0privater Fitnessbereich <\/strong>mit Musik und modernen Technogym\u00ae-Ger\u00e4ten f\u00fcr diejenigen, die gerne trainieren und auf Reisen fit bleiben m\u00f6chten.<\/p>\n[\/vc_column_text][\/vc_column][\/vc_row][vc_row full_width=&#8220;stretch_row_content&#8220; equal_height=&#8220;yes&#8220; content_placement=&#8220;middle&#8220; css=&#8220;.vc_custom_1558337615444{margin-top: 20px !important;}&#8220;][vc_column width=&#8220;1\/2&#8243;]<div style=\"background-color:;height: 20px\" class=\"nicdark_section  \"><\/div>\n    <div style=\"text-align:center\" class=\"nd_options_section\">\n      <img decoding=\"async\" alt=\"\" style=\"width:100%\" class=\" nd_options_margin_0 nd_options_padding_0 \" src=\"https:\/\/www.grandhoteltrento.com\/wp-content\/uploads\/2019\/06\/centro-fitness-grand-hotel--1024x682.jpg\">\n    <\/div>\n   <div style=\"background-color:;height: 25px\" class=\"nicdark_section  \"><\/div>[\/vc_column][vc_column width=&#8220;1\/2&#8243;]<div style=\"background-color:;height: 20px\" class=\"nicdark_section  \"><\/div>\n    <div style=\"text-align:center\" class=\"nd_options_section\">\n      <img decoding=\"async\" alt=\"\" style=\"width:100%\" class=\" nd_options_margin_0 nd_options_padding_0 \" src=\"https:\/\/www.grandhoteltrento.com\/wp-content\/uploads\/2019\/06\/palestra-grand-hotel-trento-1024x682.jpg\">\n    <\/div>\n   <div style=\"background-color:;height: 25px\" class=\"nicdark_section  \"><\/div>[\/vc_column][\/vc_row][vc_row full_width=&#8220;stretch_row&#8220; css=&#8220;.vc_custom_1554548257106{margin-top: 10px !important;padding-top: 100px !important;padding-bottom: 100px !important;}&#8220; el_id=&#8220;nd_options_booking_form&#8220; el_class=&#8220;nd_options_vc_parallax_filter_1_3&#8243;][vc_column][vc_column_text]<strong><h3 class=\"wp-svg-calendar calendar\"><\/h3>\n<\/strong><strong>\u00d6FFNUNGSZEITEN<\/strong><\/p>\n<div class=\"su-spacer\" style=\"height:10px\"><\/div>\n<p>Das Fitnessstudio ist ganzt\u00e4gig f\u00fcr G\u00e4ste des Grand Hotel Trento ge\u00f6ffnet.[\/vc_column_text][\/vc_column][\/vc_row]\n<\/div>","protected":false},"excerpt":{"rendered":"<p>[vc_row full_width=&#8220;stretch_row_content&#8220; css=&#8220;.vc_custom_1558338022545{margin-right: 20px !important;margin-left: 20px !important;}&#8220;][vc_column][vc_column_text] Unser Hotel bietet kostenlos ein kleines, gut ausgestattetes\u00a0Fitnessstudio\u00a0f\u00fcr alle Arten von Training. Ein\u00a0privater Fitnessbereich mit Musik und modernen Technogym\u00ae-Ger\u00e4ten f\u00fcr diejenigen, die gerne trainieren und auf Reisen fit bleiben m\u00f6chten. [\/vc_column_text][\/vc_column][\/vc_row][vc_row full_width=&#8220;stretch_row_content&#8220; equal_height=&#8220;yes&#8220; content_placement=&#8220;middle&#8220; css=&#8220;.vc_custom_1558337615444{margin-top: 20px !important;}&#8220;][vc_column width=&#8220;1\/2&#8243;][\/vc_column][vc_column width=&#8220;1\/2&#8243;][\/vc_column][\/vc_row][vc_row full_width=&#8220;stretch_row&#8220; css=&#8220;.vc_custom_1554548257106{margin-top: 10px !important;padding-top: 100px !important;padding-bottom: 100px !important;}&#8220; el_id=&#8220;nd_options_booking_form&#8220; [&hellip;]<\/p>\n","protected":false},"author":1,"featured_media":0,"parent":0,"menu_order":0,"comment_status":"closed","ping_status":"closed","template":"","meta":{"footnotes":""},"class_list":["post-3165","page","type-page","status-publish","hentry"],"yoast_head":"<!-- This site is optimized with the Yoast SEO plugin v27.4 - https:\/\/yoast.com\/product\/yoast-seo-wordpress\/ -->\n<title>Auch auf Reisen immer in Form - Grand Hotel trento<\/title>\n<meta name=\"description\" content=\"Unser Hotel bietet kostenlos ein kleines, gut ausgestattetes Fitnessstudio f\u00fcr alle Arten von Training.\" \/>\n<meta name=\"robots\" content=\"index, follow, max-snippet:-1, max-image-preview:large, max-video-preview:-1\" \/>\n<link rel=\"canonical\" href=\"https:\/\/www.grandhoteltrento.com\/de\/wellnesszentrum\/\" \/>\n<meta property=\"og:locale\" content=\"de_DE\" \/>\n<meta property=\"og:type\" content=\"article\" \/>\n<meta property=\"og:title\" content=\"Auch auf Reisen immer in Form - Grand Hotel trento\" \/>\n<meta property=\"og:description\" content=\"Unser Hotel bietet kostenlos ein kleines, gut ausgestattetes Fitnessstudio f\u00fcr alle Arten von Training.\" \/>\n<meta property=\"og:url\" content=\"https:\/\/www.grandhoteltrento.com\/de\/wellnesszentrum\/\" \/>\n<meta property=\"og:site_name\" content=\"Grand Hotel Trento\" \/>\n<meta property=\"article:modified_time\" content=\"2025-01-28T10:33:18+00:00\" \/>\n<meta name=\"twitter:card\" content=\"summary_large_image\" \/>\n<meta name=\"twitter:label1\" content=\"Gesch\u00e4tzte Lesezeit\" \/>\n\t<meta name=\"twitter:data1\" content=\"1\u00a0Minute\" \/>\n<script type=\"application\/ld+json\" class=\"yoast-schema-graph\">{\"@context\":\"https:\\\/\\\/schema.org\",\"@graph\":[{\"@type\":\"WebPage\",\"@id\":\"https:\\\/\\\/www.grandhoteltrento.com\\\/de\\\/wellnesszentrum\\\/\",\"url\":\"https:\\\/\\\/www.grandhoteltrento.com\\\/de\\\/wellnesszentrum\\\/\",\"name\":\"Auch auf Reisen immer in Form - Grand Hotel trento\",\"isPartOf\":{\"@id\":\"https:\\\/\\\/www.grandhoteltrento.com\\\/#website\"},\"datePublished\":\"2019-03-31T19:16:45+00:00\",\"dateModified\":\"2025-01-28T10:33:18+00:00\",\"description\":\"Unser Hotel bietet kostenlos ein kleines, gut ausgestattetes Fitnessstudio f\u00fcr alle Arten von Training.\",\"breadcrumb\":{\"@id\":\"https:\\\/\\\/www.grandhoteltrento.com\\\/de\\\/wellnesszentrum\\\/#breadcrumb\"},\"inLanguage\":\"de\",\"potentialAction\":[{\"@type\":\"ReadAction\",\"target\":[\"https:\\\/\\\/www.grandhoteltrento.com\\\/de\\\/wellnesszentrum\\\/\"]}]},{\"@type\":\"BreadcrumbList\",\"@id\":\"https:\\\/\\\/www.grandhoteltrento.com\\\/de\\\/wellnesszentrum\\\/#breadcrumb\",\"itemListElement\":[{\"@type\":\"ListItem\",\"position\":1,\"name\":\"Home\",\"item\":\"https:\\\/\\\/www.grandhoteltrento.com\\\/de\\\/\"},{\"@type\":\"ListItem\",\"position\":2,\"name\":\"Fitness\"}]},{\"@type\":\"WebSite\",\"@id\":\"https:\\\/\\\/www.grandhoteltrento.com\\\/#website\",\"url\":\"https:\\\/\\\/www.grandhoteltrento.com\\\/\",\"name\":\"Grand Hotel Trento\",\"description\":\"Hotel a 4 stelle nel centro storico di Trento\",\"potentialAction\":[{\"@type\":\"SearchAction\",\"target\":{\"@type\":\"EntryPoint\",\"urlTemplate\":\"https:\\\/\\\/www.grandhoteltrento.com\\\/?s={search_term_string}\"},\"query-input\":{\"@type\":\"PropertyValueSpecification\",\"valueRequired\":true,\"valueName\":\"search_term_string\"}}],\"inLanguage\":\"de\"}]}<\/script>\n<!-- \/ Yoast SEO plugin. -->","yoast_head_json":{"title":"Auch auf Reisen immer in Form - Grand Hotel trento","description":"Unser Hotel bietet kostenlos ein kleines, gut ausgestattetes Fitnessstudio f\u00fcr alle Arten von Training.","robots":{"index":"index","follow":"follow","max-snippet":"max-snippet:-1","max-image-preview":"max-image-preview:large","max-video-preview":"max-video-preview:-1"},"canonical":"https:\/\/www.grandhoteltrento.com\/de\/wellnesszentrum\/","og_locale":"de_DE","og_type":"article","og_title":"Auch auf Reisen immer in Form - Grand Hotel trento","og_description":"Unser Hotel bietet kostenlos ein kleines, gut ausgestattetes Fitnessstudio f\u00fcr alle Arten von Training.","og_url":"https:\/\/www.grandhoteltrento.com\/de\/wellnesszentrum\/","og_site_name":"Grand Hotel Trento","article_modified_time":"2025-01-28T10:33:18+00:00","twitter_card":"summary_large_image","twitter_misc":{"Gesch\u00e4tzte Lesezeit":"1\u00a0Minute"},"schema":{"@context":"https:\/\/schema.org","@graph":[{"@type":"WebPage","@id":"https:\/\/www.grandhoteltrento.com\/de\/wellnesszentrum\/","url":"https:\/\/www.grandhoteltrento.com\/de\/wellnesszentrum\/","name":"Auch auf Reisen immer in Form - Grand Hotel trento","isPartOf":{"@id":"https:\/\/www.grandhoteltrento.com\/#website"},"datePublished":"2019-03-31T19:16:45+00:00","dateModified":"2025-01-28T10:33:18+00:00","description":"Unser Hotel bietet kostenlos ein kleines, gut ausgestattetes Fitnessstudio f\u00fcr alle Arten von Training.","breadcrumb":{"@id":"https:\/\/www.grandhoteltrento.com\/de\/wellnesszentrum\/#breadcrumb"},"inLanguage":"de","potentialAction":[{"@type":"ReadAction","target":["https:\/\/www.grandhoteltrento.com\/de\/wellnesszentrum\/"]}]},{"@type":"BreadcrumbList","@id":"https:\/\/www.grandhoteltrento.com\/de\/wellnesszentrum\/#breadcrumb","itemListElement":[{"@type":"ListItem","position":1,"name":"Home","item":"https:\/\/www.grandhoteltrento.com\/de\/"},{"@type":"ListItem","position":2,"name":"Fitness"}]},{"@type":"WebSite","@id":"https:\/\/www.grandhoteltrento.com\/#website","url":"https:\/\/www.grandhoteltrento.com\/","name":"Grand Hotel Trento","description":"Hotel a 4 stelle nel centro storico di Trento","potentialAction":[{"@type":"SearchAction","target":{"@type":"EntryPoint","urlTemplate":"https:\/\/www.grandhoteltrento.com\/?s={search_term_string}"},"query-input":{"@type":"PropertyValueSpecification","valueRequired":true,"valueName":"search_term_string"}}],"inLanguage":"de"}]}},"_links":{"self":[{"href":"https:\/\/www.grandhoteltrento.com\/de\/wp-json\/wp\/v2\/pages\/3165","targetHints":{"allow":["GET"]}}],"collection":[{"href":"https:\/\/www.grandhoteltrento.com\/de\/wp-json\/wp\/v2\/pages"}],"about":[{"href":"https:\/\/www.grandhoteltrento.com\/de\/wp-json\/wp\/v2\/types\/page"}],"author":[{"embeddable":true,"href":"https:\/\/www.grandhoteltrento.com\/de\/wp-json\/wp\/v2\/users\/1"}],"replies":[{"embeddable":true,"href":"https:\/\/www.grandhoteltrento.com\/de\/wp-json\/wp\/v2\/comments?post=3165"}],"version-history":[{"count":5,"href":"https:\/\/www.grandhoteltrento.com\/de\/wp-json\/wp\/v2\/pages\/3165\/revisions"}],"predecessor-version":[{"id":5152,"href":"https:\/\/www.grandhoteltrento.com\/de\/wp-json\/wp\/v2\/pages\/3165\/revisions\/5152"}],"wp:attachment":[{"href":"https:\/\/www.grandhoteltrento.com\/de\/wp-json\/wp\/v2\/media?parent=3165"}],"curies":[{"name":"wp","href":"https:\/\/api.w.org\/{rel}","templated":true}]}}