{"id":3186,"date":"2019-05-22T17:07:48","date_gmt":"2019-05-22T15:07:48","guid":{"rendered":"http:\/\/www.grandhoteltrento.com\/cigar-room\/"},"modified":"2025-01-28T11:33:50","modified_gmt":"2025-01-28T10:33:50","slug":"cigar-room","status":"publish","type":"page","link":"https:\/\/www.grandhoteltrento.com\/de\/cigar-room\/","title":{"rendered":"Zigarrenstube"},"content":{"rendered":"<div class=\"wpb-content-wrapper\">[vc_row full_width=&#8220;stretch_row&#8220; css=&#8220;.vc_custom_1504182210876{margin-top: 50px !important;padding-bottom: 0px !important;}&#8220;][vc_column] <p style=\"color:#878787;padding:px;text-align:center;font-size:12px;line-height:12px;letter-spacing: 2px;font-weight:lighter\" class=\"   nd_options_second_font \">GRAND HOTEL TRENTO<\/p> <div style=\"background-color:;height: 10px\" class=\"nicdark_section  \"><\/div>\n    <div class=\"nd_options_section nd_options_line_height_0  nd_options_text_align_center \">\n        <span style=\"height:1px;width:30px;background-color:#878787\" class=\"nd_options_display_inline_block\"><\/span>\n    <\/div>\n   <div style=\"background-color:;height: 30px\" class=\"nicdark_section  \"><\/div> <h2 style=\"color:#1c1c1c;padding:px;text-align:center;font-size:45px;line-height:px;letter-spacing: px;font-weight:normal\" class=\"  nd_options_font_size_40_important_all_iphone nd_options_line_height_40_important_all_iphone nd_options_first_font \">Entspannen und genie\u00dfen<\/h2> <div style=\"background-color:;height: 35px\" class=\"nicdark_section  \"><\/div>[vc_column_text]\n<p style=\"text-align: left; font-size: 16px;\">Ein diskreter Ort, an dem die dunklen Farbt\u00f6ne von Zigarren, die goldenen Farbt\u00f6ne von Spirituosen, D\u00fcften und Aromen kombiniert werden, um ein Erlebnis\u00a0<strong>uneingeschr\u00e4nkter Entspannung und vollkommenen Genusses<\/strong> zu bieten. Die Atmosph\u00e4re ist gem\u00fctlich f\u00fcr alle Fans des\u00a0<strong>langsamen Rauchens<\/strong>.<\/p>\n[\/vc_column_text]<div style=\"background-color:;height: 35px\" class=\"nicdark_section  \"><\/div>[\/vc_column][\/vc_row][vc_row][vc_column width=&#8220;1\/3&#8243;]<div style=\"background-color:;height: 15px\" class=\"nicdark_section  \"><\/div>\n    <div style=\"text-align:center\" class=\"nd_options_section\">\n      <img decoding=\"async\" alt=\"\" style=\"width:100%\" class=\" nd_options_margin_0 nd_options_padding_0 \" src=\"https:\/\/www.grandhoteltrento.com\/wp-content\/uploads\/2019\/05\/cigar_room_grand_hotel_trento_1-1-1024x682.jpg\">\n    <\/div>\n   <div style=\"background-color:;height: 15px\" class=\"nicdark_section  \"><\/div>[\/vc_column][vc_column width=&#8220;1\/3&#8243;]<div style=\"background-color:;height: 15px\" class=\"nicdark_section  \"><\/div>\n    <div style=\"text-align:center\" class=\"nd_options_section\">\n      <img decoding=\"async\" alt=\"\" style=\"width:100%\" class=\" nd_options_margin_0 nd_options_padding_0 \" src=\"https:\/\/www.grandhoteltrento.com\/wp-content\/uploads\/2019\/05\/cigar_room_grand_hotel_trento_2-1-1024x682.jpg\">\n    <\/div>\n   <div style=\"background-color:;height: 15px\" class=\"nicdark_section  \"><\/div>[\/vc_column][vc_column width=&#8220;1\/3&#8243;]<div style=\"background-color:;height: 15px\" class=\"nicdark_section  \"><\/div>\n    <div style=\"text-align:center\" class=\"nd_options_section\">\n      <img decoding=\"async\" alt=\"\" style=\"width:100%\" class=\" nd_options_margin_0 nd_options_padding_0 \" src=\"https:\/\/www.grandhoteltrento.com\/wp-content\/uploads\/2019\/06\/cigar-room-grand-hotel-tren-1024x682.jpg\">\n    <\/div>\n   <div style=\"background-color:;height: 15px\" class=\"nicdark_section  \"><\/div>[\/vc_column][\/vc_row]\n<\/div>","protected":false},"excerpt":{"rendered":"<p>[vc_row full_width=&#8220;stretch_row&#8220; css=&#8220;.vc_custom_1504182210876{margin-top: 50px !important;padding-bottom: 0px !important;}&#8220;][vc_column][vc_column_text] Ein diskreter Ort, an dem die dunklen Farbt\u00f6ne von Zigarren, die goldenen Farbt\u00f6ne von Spirituosen, D\u00fcften und Aromen kombiniert werden, um ein Erlebnis\u00a0uneingeschr\u00e4nkter Entspannung und vollkommenen Genusses zu bieten. Die Atmosph\u00e4re ist gem\u00fctlich f\u00fcr alle Fans des\u00a0langsamen Rauchens. [\/vc_column_text][\/vc_column][\/vc_row][vc_row][vc_column width=&#8220;1\/3&#8243;][\/vc_column][vc_column width=&#8220;1\/3&#8243;][\/vc_column][vc_column width=&#8220;1\/3&#8243;][\/vc_column][\/vc_row]<\/p>\n","protected":false},"author":1,"featured_media":2262,"parent":0,"menu_order":0,"comment_status":"closed","ping_status":"closed","template":"","meta":{"footnotes":""},"class_list":["post-3186","page","type-page","status-publish","has-post-thumbnail","hentry"],"yoast_head":"<!-- This site is optimized with the Yoast SEO plugin v27.5 - https:\/\/yoast.com\/product\/yoast-seo-wordpress\/ -->\n<title>Grand Hotel Trento Zigarrenstube: Entspannen und genie\u00dfen<\/title>\n<meta name=\"description\" content=\"Die Atmosph\u00e4re ist gem\u00fctlich f\u00fcr alle Fans des langsamen Rauchens.\" \/>\n<meta name=\"robots\" content=\"index, follow, max-snippet:-1, max-image-preview:large, max-video-preview:-1\" \/>\n<link rel=\"canonical\" href=\"https:\/\/www.grandhoteltrento.com\/de\/cigar-room\/\" \/>\n<meta property=\"og:locale\" content=\"de_DE\" \/>\n<meta property=\"og:type\" content=\"article\" \/>\n<meta property=\"og:title\" content=\"Grand Hotel Trento Zigarrenstube: Entspannen und genie\u00dfen\" \/>\n<meta property=\"og:description\" content=\"Die Atmosph\u00e4re ist gem\u00fctlich f\u00fcr alle Fans des langsamen Rauchens.\" \/>\n<meta property=\"og:url\" content=\"https:\/\/www.grandhoteltrento.com\/de\/cigar-room\/\" \/>\n<meta property=\"og:site_name\" content=\"Grand Hotel Trento\" \/>\n<meta property=\"article:modified_time\" content=\"2025-01-28T10:33:50+00:00\" \/>\n<meta property=\"og:image\" content=\"https:\/\/www.grandhoteltrento.com\/wp-content\/uploads\/2019\/05\/cigar_room_grand_hotel_trento_1.jpg\" \/>\n\t<meta property=\"og:image:width\" content=\"1600\" \/>\n\t<meta property=\"og:image:height\" content=\"1066\" \/>\n\t<meta property=\"og:image:type\" content=\"image\/jpeg\" \/>\n<meta name=\"twitter:card\" content=\"summary_large_image\" \/>\n<meta name=\"twitter:label1\" content=\"Gesch\u00e4tzte Lesezeit\" \/>\n\t<meta name=\"twitter:data1\" content=\"1\u00a0Minute\" \/>\n<script type=\"application\/ld+json\" class=\"yoast-schema-graph\">{\"@context\":\"https:\\\/\\\/schema.org\",\"@graph\":[{\"@type\":\"WebPage\",\"@id\":\"https:\\\/\\\/www.grandhoteltrento.com\\\/de\\\/cigar-room\\\/\",\"url\":\"https:\\\/\\\/www.grandhoteltrento.com\\\/de\\\/cigar-room\\\/\",\"name\":\"Grand Hotel Trento Zigarrenstube: Entspannen und genie\u00dfen\",\"isPartOf\":{\"@id\":\"https:\\\/\\\/www.grandhoteltrento.com\\\/#website\"},\"primaryImageOfPage\":{\"@id\":\"https:\\\/\\\/www.grandhoteltrento.com\\\/de\\\/cigar-room\\\/#primaryimage\"},\"image\":{\"@id\":\"https:\\\/\\\/www.grandhoteltrento.com\\\/de\\\/cigar-room\\\/#primaryimage\"},\"thumbnailUrl\":\"https:\\\/\\\/www.grandhoteltrento.com\\\/wp-content\\\/uploads\\\/2019\\\/05\\\/cigar_room_grand_hotel_trento_1.jpg\",\"datePublished\":\"2019-05-22T15:07:48+00:00\",\"dateModified\":\"2025-01-28T10:33:50+00:00\",\"description\":\"Die Atmosph\u00e4re ist gem\u00fctlich f\u00fcr alle Fans des langsamen Rauchens.\",\"breadcrumb\":{\"@id\":\"https:\\\/\\\/www.grandhoteltrento.com\\\/de\\\/cigar-room\\\/#breadcrumb\"},\"inLanguage\":\"de\",\"potentialAction\":[{\"@type\":\"ReadAction\",\"target\":[\"https:\\\/\\\/www.grandhoteltrento.com\\\/de\\\/cigar-room\\\/\"]}]},{\"@type\":\"ImageObject\",\"inLanguage\":\"de\",\"@id\":\"https:\\\/\\\/www.grandhoteltrento.com\\\/de\\\/cigar-room\\\/#primaryimage\",\"url\":\"https:\\\/\\\/www.grandhoteltrento.com\\\/wp-content\\\/uploads\\\/2019\\\/05\\\/cigar_room_grand_hotel_trento_1.jpg\",\"contentUrl\":\"https:\\\/\\\/www.grandhoteltrento.com\\\/wp-content\\\/uploads\\\/2019\\\/05\\\/cigar_room_grand_hotel_trento_1.jpg\",\"width\":1600,\"height\":1066,\"caption\":\"cigar_room_grand_hotel_trento\"},{\"@type\":\"BreadcrumbList\",\"@id\":\"https:\\\/\\\/www.grandhoteltrento.com\\\/de\\\/cigar-room\\\/#breadcrumb\",\"itemListElement\":[{\"@type\":\"ListItem\",\"position\":1,\"name\":\"Home\",\"item\":\"https:\\\/\\\/www.grandhoteltrento.com\\\/de\\\/\"},{\"@type\":\"ListItem\",\"position\":2,\"name\":\"Zigarrenstube\"}]},{\"@type\":\"WebSite\",\"@id\":\"https:\\\/\\\/www.grandhoteltrento.com\\\/#website\",\"url\":\"https:\\\/\\\/www.grandhoteltrento.com\\\/\",\"name\":\"Grand Hotel Trento\",\"description\":\"Hotel a 4 stelle nel centro storico di Trento\",\"potentialAction\":[{\"@type\":\"SearchAction\",\"target\":{\"@type\":\"EntryPoint\",\"urlTemplate\":\"https:\\\/\\\/www.grandhoteltrento.com\\\/?s={search_term_string}\"},\"query-input\":{\"@type\":\"PropertyValueSpecification\",\"valueRequired\":true,\"valueName\":\"search_term_string\"}}],\"inLanguage\":\"de\"}]}<\/script>\n<!-- \/ Yoast SEO plugin. -->","yoast_head_json":{"title":"Grand Hotel Trento Zigarrenstube: Entspannen und genie\u00dfen","description":"Die Atmosph\u00e4re ist gem\u00fctlich f\u00fcr alle Fans des langsamen Rauchens.","robots":{"index":"index","follow":"follow","max-snippet":"max-snippet:-1","max-image-preview":"max-image-preview:large","max-video-preview":"max-video-preview:-1"},"canonical":"https:\/\/www.grandhoteltrento.com\/de\/cigar-room\/","og_locale":"de_DE","og_type":"article","og_title":"Grand Hotel Trento Zigarrenstube: Entspannen und genie\u00dfen","og_description":"Die Atmosph\u00e4re ist gem\u00fctlich f\u00fcr alle Fans des langsamen Rauchens.","og_url":"https:\/\/www.grandhoteltrento.com\/de\/cigar-room\/","og_site_name":"Grand Hotel Trento","article_modified_time":"2025-01-28T10:33:50+00:00","og_image":[{"width":1600,"height":1066,"url":"https:\/\/www.grandhoteltrento.com\/wp-content\/uploads\/2019\/05\/cigar_room_grand_hotel_trento_1.jpg","type":"image\/jpeg"}],"twitter_card":"summary_large_image","twitter_misc":{"Gesch\u00e4tzte Lesezeit":"1\u00a0Minute"},"schema":{"@context":"https:\/\/schema.org","@graph":[{"@type":"WebPage","@id":"https:\/\/www.grandhoteltrento.com\/de\/cigar-room\/","url":"https:\/\/www.grandhoteltrento.com\/de\/cigar-room\/","name":"Grand Hotel Trento Zigarrenstube: Entspannen und genie\u00dfen","isPartOf":{"@id":"https:\/\/www.grandhoteltrento.com\/#website"},"primaryImageOfPage":{"@id":"https:\/\/www.grandhoteltrento.com\/de\/cigar-room\/#primaryimage"},"image":{"@id":"https:\/\/www.grandhoteltrento.com\/de\/cigar-room\/#primaryimage"},"thumbnailUrl":"https:\/\/www.grandhoteltrento.com\/wp-content\/uploads\/2019\/05\/cigar_room_grand_hotel_trento_1.jpg","datePublished":"2019-05-22T15:07:48+00:00","dateModified":"2025-01-28T10:33:50+00:00","description":"Die Atmosph\u00e4re ist gem\u00fctlich f\u00fcr alle Fans des langsamen Rauchens.","breadcrumb":{"@id":"https:\/\/www.grandhoteltrento.com\/de\/cigar-room\/#breadcrumb"},"inLanguage":"de","potentialAction":[{"@type":"ReadAction","target":["https:\/\/www.grandhoteltrento.com\/de\/cigar-room\/"]}]},{"@type":"ImageObject","inLanguage":"de","@id":"https:\/\/www.grandhoteltrento.com\/de\/cigar-room\/#primaryimage","url":"https:\/\/www.grandhoteltrento.com\/wp-content\/uploads\/2019\/05\/cigar_room_grand_hotel_trento_1.jpg","contentUrl":"https:\/\/www.grandhoteltrento.com\/wp-content\/uploads\/2019\/05\/cigar_room_grand_hotel_trento_1.jpg","width":1600,"height":1066,"caption":"cigar_room_grand_hotel_trento"},{"@type":"BreadcrumbList","@id":"https:\/\/www.grandhoteltrento.com\/de\/cigar-room\/#breadcrumb","itemListElement":[{"@type":"ListItem","position":1,"name":"Home","item":"https:\/\/www.grandhoteltrento.com\/de\/"},{"@type":"ListItem","position":2,"name":"Zigarrenstube"}]},{"@type":"WebSite","@id":"https:\/\/www.grandhoteltrento.com\/#website","url":"https:\/\/www.grandhoteltrento.com\/","name":"Grand Hotel Trento","description":"Hotel a 4 stelle nel centro storico di Trento","potentialAction":[{"@type":"SearchAction","target":{"@type":"EntryPoint","urlTemplate":"https:\/\/www.grandhoteltrento.com\/?s={search_term_string}"},"query-input":{"@type":"PropertyValueSpecification","valueRequired":true,"valueName":"search_term_string"}}],"inLanguage":"de"}]}},"_links":{"self":[{"href":"https:\/\/www.grandhoteltrento.com\/de\/wp-json\/wp\/v2\/pages\/3186","targetHints":{"allow":["GET"]}}],"collection":[{"href":"https:\/\/www.grandhoteltrento.com\/de\/wp-json\/wp\/v2\/pages"}],"about":[{"href":"https:\/\/www.grandhoteltrento.com\/de\/wp-json\/wp\/v2\/types\/page"}],"author":[{"embeddable":true,"href":"https:\/\/www.grandhoteltrento.com\/de\/wp-json\/wp\/v2\/users\/1"}],"replies":[{"embeddable":true,"href":"https:\/\/www.grandhoteltrento.com\/de\/wp-json\/wp\/v2\/comments?post=3186"}],"version-history":[{"count":3,"href":"https:\/\/www.grandhoteltrento.com\/de\/wp-json\/wp\/v2\/pages\/3186\/revisions"}],"predecessor-version":[{"id":5155,"href":"https:\/\/www.grandhoteltrento.com\/de\/wp-json\/wp\/v2\/pages\/3186\/revisions\/5155"}],"wp:featuredmedia":[{"embeddable":true,"href":"https:\/\/www.grandhoteltrento.com\/de\/wp-json\/wp\/v2\/media\/2262"}],"wp:attachment":[{"href":"https:\/\/www.grandhoteltrento.com\/de\/wp-json\/wp\/v2\/media?parent=3186"}],"curies":[{"name":"wp","href":"https:\/\/api.w.org\/{rel}","templated":true}]}}