{"id":3231,"date":"2019-05-19T22:07:17","date_gmt":"2019-05-19T20:07:17","guid":{"rendered":"http:\/\/www.grandhoteltrento.com\/domande-frequenti\/"},"modified":"2026-04-24T13:09:45","modified_gmt":"2026-04-24T11:09:45","slug":"haeufig-gestellte-fragen","status":"publish","type":"page","link":"https:\/\/www.grandhoteltrento.com\/de\/haeufig-gestellte-fragen\/","title":{"rendered":"H\u00e4ufig Gestellte Fragen"},"content":{"rendered":"<div class=\"wpb-content-wrapper\">[vc_row css=&#8220;.vc_custom_1558295771524{margin-top: 50px !important;}&#8220;][vc_column css_animation=&#8220;none&#8220;]<div class=\"lvca-faq-list lvca-style2 lvca-grid-container  lvca-grid-desktop-2 lvca-grid-tablet-1 lvca-grid-mobile-1\"><div class=\"lvca-grid-item lvca-faq-item  lvca-animate-on-scroll lvca-visible-on-scroll\"  data-animation=\"slideInLeft\"><h3 class=\"lvca-faq-question\">KANN ICH ONLINE BUCHEN?<\/h3><div class=\"lvca-faq-answer\">Ja, es ist sehr einfach: geben Sie einfach die Daten Ihrer Ankunft und Abreise dank des Kalenders in unserem Online-Buchungssystem ein und kontrollieren Sie Verf\u00fcgbarkeit und Preise.<\/div><\/div><div class=\"lvca-grid-item lvca-faq-item  lvca-animate-on-scroll lvca-visible-on-scroll\"  data-animation=\"slideInRight\"><h3 class=\"lvca-faq-question\">MUSS ICH MEINE KREDITKARTENDATEN ANGEBEN?<\/h3><div class=\"lvca-faq-answer\">Ja, die Kreditkarteninformationen werden ben\u00f6tigt, um Ihre Buchung abzuschlie\u00dfen.<\/div><\/div><div class=\"lvca-grid-item lvca-faq-item  lvca-animate-on-scroll lvca-visible-on-scroll\"  data-animation=\"slideInLeft\"><h3 class=\"lvca-faq-question\">IST VORAUSZAHLUNG ERFORDERLICH?<\/h3><div class=\"lvca-faq-answer\">Nur wenn Sie einen Fr\u00fchbuchertarif w\u00e4hlen (Erstattung ist nicht m\u00f6glich) der an einen bestimmten Rabatt gebunden ist. Wenn Sie einen normalen Tarif buchen (ohne Einschr\u00e4nkung), wird die Kreditkarte nur verwendet um die Buchung zu garantieren.<\/div><\/div><div class=\"lvca-grid-item lvca-faq-item  lvca-animate-on-scroll lvca-visible-on-scroll\"  data-animation=\"slideInRight\"><h3 class=\"lvca-faq-question\">EKOMME ICH EINE BEST\u00c4TIGUNG MEINER BUCHUNG?<\/h3><div class=\"lvca-faq-answer\">Wir senden Ihnen eine Best\u00e4tigung per E-Mail an die Adresse, die Sie bei Ihrer Reservierung angegeben haben.<\/div><\/div><div class=\"lvca-grid-item lvca-faq-item  lvca-animate-on-scroll lvca-visible-on-scroll\"  data-animation=\"slideInLeft\"><h3 class=\"lvca-faq-question\">WIE KANN ICH EINE RESERVIERUNG STORNIEREN?<\/h3><div class=\"lvca-faq-answer\">Im Bereich des Online-Buchungs Formulars auf unserer Website klicken Sie auf \u2018Reservierung abbrechen\u2019. Sie m\u0171ssen den Reservierungscode eingeben und erhalten dann die Stornierungsbest\u00e4tigung per Mail die von Ihnen angegebene Adresse.<\/div><\/div><div class=\"lvca-grid-item lvca-faq-item  lvca-animate-on-scroll lvca-visible-on-scroll\"  data-animation=\"slideInRight\"><h3 class=\"lvca-faq-question\">WIE SIND DIE STORNIERUNGSBEDINGUNGEN?<\/h3><div class=\"lvca-faq-answer\">Es ist m\u00f6glich die Reservierung bis 12.00 Uhr am letzten Werktag vor der Anreise zu stornieren, ohne dass Geb\u00fchren berechnet werden.<\/div><\/div><div class=\"lvca-grid-item lvca-faq-item  lvca-animate-on-scroll lvca-visible-on-scroll\"  data-animation=\"slideInLeft\"><h3 class=\"lvca-faq-question\">WAS IST IM ZIMMER - PREIS INBEGRIFFEN?<\/h3><div class=\"lvca-faq-answer\">Fr\u00fchst\u00fccksbuffet und Mehrwertsteuer sind immer im Preis inbegriffen.<\/div><\/div><div class=\"lvca-grid-item lvca-faq-item  lvca-animate-on-scroll lvca-visible-on-scroll\"  data-animation=\"slideInRight\"><h3 class=\"lvca-faq-question\">GIBT ES ERM\u00c4\u00dfIGUNGEN F\u00dcR KINDER?<\/h3><div class=\"lvca-faq-answer\">Ja, Kinder bis zu 12 Jahren, Aufenthalt im Zimmer mit 2 Erwachsenen zahlen nicht.<\/div><\/div><div class=\"lvca-grid-item lvca-faq-item  lvca-animate-on-scroll lvca-visible-on-scroll\"  data-animation=\"slideInLeft\"><h3 class=\"lvca-faq-question\">WELCHE KREDITKARTEN WERDEN AKZEPTIERT?<\/h3><div class=\"lvca-faq-answer\">Wir akzeptieren alle g\u00e4ngigen Kreditkarten: Visa, Mastercard, Diners, American Express.<\/div><\/div><div class=\"lvca-grid-item lvca-faq-item  lvca-animate-on-scroll lvca-visible-on-scroll\"  data-animation=\"slideInRight\"><h3 class=\"lvca-faq-question\">WELCHES SIND DIE CHECK-IN UND CHECK-OUT ZEITEN?<\/h3><div class=\"lvca-faq-answer\">Check-in ist ab 14.00 Uhr m\u00f6glich und der Check-out muss bis 12.00 Uhr erfolgen.<\/div><\/div><div class=\"lvca-grid-item lvca-faq-item  lvca-animate-on-scroll lvca-visible-on-scroll\"  data-animation=\"slideInLeft\"><h3 class=\"lvca-faq-question\">SIND TIERE ERLAUBT?<\/h3><div class=\"lvca-faq-answer\">\n<p style=\"font-weight: 400\">Kleine und mittelgro\u00dfe Hunde sind auf Anfrage erlaubt. F\u00fcr die Endreinigung wird ein einmaliger Aufpreis von 20,00 \u20ac berechnet.<\/p>\n<\/div><\/div><div class=\"lvca-grid-item lvca-faq-item  lvca-animate-on-scroll lvca-visible-on-scroll\"  data-animation=\"slideInRight\"><h3 class=\"lvca-faq-question\">GIBT ES EINEN PARKPLATZ?<\/h3><div class=\"lvca-faq-answer\">Wir haben eine Garage, kann nicht gebucht werden, zu einem Preis von 11 \u20ac pro Nacht.<\/div><\/div><div class=\"lvca-grid-item lvca-faq-item  lvca-animate-on-scroll lvca-visible-on-scroll\"  data-animation=\"slideInLeft\"><h3 class=\"lvca-faq-question\">ELCHE TV-KAN\u00c4LE STEHEN IM HOTEL ZUR VERF\u00dcGUNG IM HOTEL?<\/h3><div class=\"lvca-faq-answer\">Das Grand Hotel Trento verf\u00fcgt \u00fcber die wichtigsten nationalen TV-Kan\u00e4le, Mediaset Premium (einschlie\u00dflich 5 Fussball-Kan\u00e4le) und eine Reihe von ausl\u00e4ndischen Satellitenkan\u00e4len. In der Bar und in den Suiten wird Sky Italia kostenlos zur Verf\u00fcgung gestellt.<\/div><\/div><div class=\"lvca-grid-item lvca-faq-item  lvca-animate-on-scroll lvca-visible-on-scroll\"  data-animation=\"slideInRight\"><h3 class=\"lvca-faq-question\">WIE IST DAS HOTEL VON DER AUTOBAHN AUS ZU ERREICHEN?<\/h3><div class=\"lvca-faq-answer\">Ausfahrt Trient S\u00fcd f\u00fcr diejenigen, die aus dem S\u00fcden kommen, die Ringstra\u00dfe und dann die Ausfahrt 6 nehmen. Ausfahrt Trient Nord, wenn aus dem Norden kommen, nehmen Sie die Ringstra\u00dfe und die Ausfahrt 6 \/ B. Weiterfahrt in Richtung Stadtzentrum zum Bahnhof, das Grand Hotel Trento liegt gegen\u0171ber vom Bahnhof und man erreicht es einfach wenn man entlang des Parks bei Piazza Dante lang f\u00e4hrt.<\/div><\/div><div class=\"lvca-grid-item lvca-faq-item  lvca-animate-on-scroll lvca-visible-on-scroll\"  data-animation=\"slideInLeft\"><h3 class=\"lvca-faq-question\">WIE WEIT IST DAS HOTEL VOM BAHNHOF ENTFERNT?<\/h3><div class=\"lvca-faq-answer\">Wir sind genau gegen\u00fcber, man muss nur den Park von Piazza Dante um zu uns zu finden, au\u00dferhalb der Station. Es sind ca. drei Minuten zu Fu\u00df.<\/div><\/div><div class=\"lvca-grid-item lvca-faq-item  lvca-animate-on-scroll lvca-visible-on-scroll\"  data-animation=\"slideInRight\"><h3 class=\"lvca-faq-question\">WIE WEIT IST DAS HOTEL VON DER ALTSTADT ENTFERNT?<\/h3><div class=\"lvca-faq-answer\">Wir sind sehr nah, man muss nur die Stra\u00dfe \u00fcberqueren um in weniger als f\u00fcnfzig Metern in das Herzen unserer sch\u00f6nen Altstadt zu kommen. Das Grand Hotel Trento genie\u00dft eine strategische Lage: Es ist ca. 5 Gehminuten vom Schloss Buonconsiglio und der Kathedrale, und ca. 15 Minuten (zu Fu\u00df) von der neuen Muse entfernt.<\/div><\/div><div class=\"lvca-grid-item lvca-faq-item  lvca-animate-on-scroll lvca-visible-on-scroll\"  data-animation=\"slideInRight\"><h3 class=\"lvca-faq-question\">IST INTERNET GRATIS BENUTZBAR?<\/h3><div class=\"lvca-faq-answer\">Wi-Fi-und LAN-Internetzugang ist in allen Zimmern und \u00f6ffentlichen Bereichen kostenlos und<\/div><\/div><\/div>[\/vc_column][\/vc_row]\n<\/div>","protected":false},"excerpt":{"rendered":"<p>[vc_row css=&#8220;.vc_custom_1558295771524{margin-top: 50px !important;}&#8220;][vc_column css_animation=&#8220;none&#8220;][\/vc_column][\/vc_row]<\/p>\n","protected":false},"author":1,"featured_media":0,"parent":0,"menu_order":0,"comment_status":"closed","ping_status":"closed","template":"","meta":{"footnotes":""},"class_list":["post-3231","page","type-page","status-publish","hentry"],"yoast_head":"<!-- This site is optimized with the Yoast SEO plugin v27.5 - https:\/\/yoast.com\/product\/yoast-seo-wordpress\/ -->\n<title>H\u00e4ufig gestellte Fragen<\/title>\n<meta name=\"description\" content=\"KANN ICH ONLINE BUCHEN? Ja, es ist sehr einfach: geben Sie einfach die Daten Ihrer Ankunft und Abreise dank des Kalenders in unserem Online-Buchungssystem ein und kontrollieren Sie Verf\u00fcgbarkeit und Preise.\" \/>\n<meta name=\"robots\" content=\"index, follow, max-snippet:-1, max-image-preview:large, max-video-preview:-1\" \/>\n<link rel=\"canonical\" href=\"https:\/\/www.grandhoteltrento.com\/de\/haeufig-gestellte-fragen\/\" \/>\n<meta property=\"og:locale\" content=\"de_DE\" \/>\n<meta property=\"og:type\" content=\"article\" \/>\n<meta property=\"og:title\" content=\"H\u00e4ufig gestellte Fragen\" \/>\n<meta property=\"og:description\" content=\"KANN ICH ONLINE BUCHEN? Ja, es ist sehr einfach: geben Sie einfach die Daten Ihrer Ankunft und Abreise dank des Kalenders in unserem Online-Buchungssystem ein und kontrollieren Sie Verf\u00fcgbarkeit und Preise.\" \/>\n<meta property=\"og:url\" content=\"https:\/\/www.grandhoteltrento.com\/de\/haeufig-gestellte-fragen\/\" \/>\n<meta property=\"og:site_name\" content=\"Grand Hotel Trento\" \/>\n<meta property=\"article:modified_time\" content=\"2026-04-24T11:09:45+00:00\" \/>\n<meta name=\"twitter:card\" content=\"summary_large_image\" \/>\n<meta name=\"twitter:label1\" content=\"Gesch\u00e4tzte Lesezeit\" \/>\n\t<meta name=\"twitter:data1\" content=\"3\u00a0Minuten\" \/>\n<script type=\"application\/ld+json\" class=\"yoast-schema-graph\">{\"@context\":\"https:\\\/\\\/schema.org\",\"@graph\":[{\"@type\":\"WebPage\",\"@id\":\"https:\\\/\\\/www.grandhoteltrento.com\\\/de\\\/haeufig-gestellte-fragen\\\/\",\"url\":\"https:\\\/\\\/www.grandhoteltrento.com\\\/de\\\/haeufig-gestellte-fragen\\\/\",\"name\":\"H\u00e4ufig gestellte Fragen\",\"isPartOf\":{\"@id\":\"https:\\\/\\\/www.grandhoteltrento.com\\\/#website\"},\"datePublished\":\"2019-05-19T20:07:17+00:00\",\"dateModified\":\"2026-04-24T11:09:45+00:00\",\"description\":\"KANN ICH ONLINE BUCHEN? Ja, es ist sehr einfach: geben Sie einfach die Daten Ihrer Ankunft und Abreise dank des Kalenders in unserem Online-Buchungssystem ein und kontrollieren Sie Verf\u00fcgbarkeit und Preise.\",\"breadcrumb\":{\"@id\":\"https:\\\/\\\/www.grandhoteltrento.com\\\/de\\\/haeufig-gestellte-fragen\\\/#breadcrumb\"},\"inLanguage\":\"de\",\"potentialAction\":[{\"@type\":\"ReadAction\",\"target\":[\"https:\\\/\\\/www.grandhoteltrento.com\\\/de\\\/haeufig-gestellte-fragen\\\/\"]}]},{\"@type\":\"BreadcrumbList\",\"@id\":\"https:\\\/\\\/www.grandhoteltrento.com\\\/de\\\/haeufig-gestellte-fragen\\\/#breadcrumb\",\"itemListElement\":[{\"@type\":\"ListItem\",\"position\":1,\"name\":\"Home\",\"item\":\"https:\\\/\\\/www.grandhoteltrento.com\\\/de\\\/\"},{\"@type\":\"ListItem\",\"position\":2,\"name\":\"H\u00e4ufig Gestellte Fragen\"}]},{\"@type\":\"WebSite\",\"@id\":\"https:\\\/\\\/www.grandhoteltrento.com\\\/#website\",\"url\":\"https:\\\/\\\/www.grandhoteltrento.com\\\/\",\"name\":\"Grand Hotel Trento\",\"description\":\"Hotel a 4 stelle nel centro storico di Trento\",\"potentialAction\":[{\"@type\":\"SearchAction\",\"target\":{\"@type\":\"EntryPoint\",\"urlTemplate\":\"https:\\\/\\\/www.grandhoteltrento.com\\\/?s={search_term_string}\"},\"query-input\":{\"@type\":\"PropertyValueSpecification\",\"valueRequired\":true,\"valueName\":\"search_term_string\"}}],\"inLanguage\":\"de\"}]}<\/script>\n<!-- \/ Yoast SEO plugin. -->","yoast_head_json":{"title":"H\u00e4ufig gestellte Fragen","description":"KANN ICH ONLINE BUCHEN? Ja, es ist sehr einfach: geben Sie einfach die Daten Ihrer Ankunft und Abreise dank des Kalenders in unserem Online-Buchungssystem ein und kontrollieren Sie Verf\u00fcgbarkeit und Preise.","robots":{"index":"index","follow":"follow","max-snippet":"max-snippet:-1","max-image-preview":"max-image-preview:large","max-video-preview":"max-video-preview:-1"},"canonical":"https:\/\/www.grandhoteltrento.com\/de\/haeufig-gestellte-fragen\/","og_locale":"de_DE","og_type":"article","og_title":"H\u00e4ufig gestellte Fragen","og_description":"KANN ICH ONLINE BUCHEN? Ja, es ist sehr einfach: geben Sie einfach die Daten Ihrer Ankunft und Abreise dank des Kalenders in unserem Online-Buchungssystem ein und kontrollieren Sie Verf\u00fcgbarkeit und Preise.","og_url":"https:\/\/www.grandhoteltrento.com\/de\/haeufig-gestellte-fragen\/","og_site_name":"Grand Hotel Trento","article_modified_time":"2026-04-24T11:09:45+00:00","twitter_card":"summary_large_image","twitter_misc":{"Gesch\u00e4tzte Lesezeit":"3\u00a0Minuten"},"schema":{"@context":"https:\/\/schema.org","@graph":[{"@type":"WebPage","@id":"https:\/\/www.grandhoteltrento.com\/de\/haeufig-gestellte-fragen\/","url":"https:\/\/www.grandhoteltrento.com\/de\/haeufig-gestellte-fragen\/","name":"H\u00e4ufig gestellte Fragen","isPartOf":{"@id":"https:\/\/www.grandhoteltrento.com\/#website"},"datePublished":"2019-05-19T20:07:17+00:00","dateModified":"2026-04-24T11:09:45+00:00","description":"KANN ICH ONLINE BUCHEN? Ja, es ist sehr einfach: geben Sie einfach die Daten Ihrer Ankunft und Abreise dank des Kalenders in unserem Online-Buchungssystem ein und kontrollieren Sie Verf\u00fcgbarkeit und Preise.","breadcrumb":{"@id":"https:\/\/www.grandhoteltrento.com\/de\/haeufig-gestellte-fragen\/#breadcrumb"},"inLanguage":"de","potentialAction":[{"@type":"ReadAction","target":["https:\/\/www.grandhoteltrento.com\/de\/haeufig-gestellte-fragen\/"]}]},{"@type":"BreadcrumbList","@id":"https:\/\/www.grandhoteltrento.com\/de\/haeufig-gestellte-fragen\/#breadcrumb","itemListElement":[{"@type":"ListItem","position":1,"name":"Home","item":"https:\/\/www.grandhoteltrento.com\/de\/"},{"@type":"ListItem","position":2,"name":"H\u00e4ufig Gestellte Fragen"}]},{"@type":"WebSite","@id":"https:\/\/www.grandhoteltrento.com\/#website","url":"https:\/\/www.grandhoteltrento.com\/","name":"Grand Hotel Trento","description":"Hotel a 4 stelle nel centro storico di Trento","potentialAction":[{"@type":"SearchAction","target":{"@type":"EntryPoint","urlTemplate":"https:\/\/www.grandhoteltrento.com\/?s={search_term_string}"},"query-input":{"@type":"PropertyValueSpecification","valueRequired":true,"valueName":"search_term_string"}}],"inLanguage":"de"}]}},"_links":{"self":[{"href":"https:\/\/www.grandhoteltrento.com\/de\/wp-json\/wp\/v2\/pages\/3231","targetHints":{"allow":["GET"]}}],"collection":[{"href":"https:\/\/www.grandhoteltrento.com\/de\/wp-json\/wp\/v2\/pages"}],"about":[{"href":"https:\/\/www.grandhoteltrento.com\/de\/wp-json\/wp\/v2\/types\/page"}],"author":[{"embeddable":true,"href":"https:\/\/www.grandhoteltrento.com\/de\/wp-json\/wp\/v2\/users\/1"}],"replies":[{"embeddable":true,"href":"https:\/\/www.grandhoteltrento.com\/de\/wp-json\/wp\/v2\/comments?post=3231"}],"version-history":[{"count":5,"href":"https:\/\/www.grandhoteltrento.com\/de\/wp-json\/wp\/v2\/pages\/3231\/revisions"}],"predecessor-version":[{"id":5711,"href":"https:\/\/www.grandhoteltrento.com\/de\/wp-json\/wp\/v2\/pages\/3231\/revisions\/5711"}],"wp:attachment":[{"href":"https:\/\/www.grandhoteltrento.com\/de\/wp-json\/wp\/v2\/media?parent=3231"}],"curies":[{"name":"wp","href":"https:\/\/api.w.org\/{rel}","templated":true}]}}